{"id":22596,"date":"2025-06-09T12:02:53","date_gmt":"2025-06-09T12:02:53","guid":{"rendered":"https:\/\/mysocks.be\/product\/premiere-chaussette-simple\/"},"modified":"2025-06-09T12:02:53","modified_gmt":"2025-06-09T12:02:53","slug":"premiere-chaussette-simple","status":"publish","type":"product","link":"https:\/\/mysocks.be\/fr\/produit\/premiere-chaussette-simple\/","title":{"rendered":"Premi\u00e8re chaussette (simple)"},"content":{"rendered":"<p data-slate-node=\"element\"><span data-slate-node=\"text\">N\u00e9s d&rsquo;un amour de la cr\u00e9ativit\u00e9 et d&rsquo;une frustration face \u00e0 l&rsquo;ordinaire, nous avons entrepris de cr\u00e9er quelque chose de vraiment unique : des chaussettes qui racontent une histoire, qui font une d\u00e9claration ou qui vous font simplement sourire.<\/span><\/p>\n<p data-slate-node=\"element\"><span data-slate-node=\"text\">Nous pensons que la personnalisation ne doit pas avoir de limites, c&rsquo;est pourquoi nous imprimons vos motifs, vos couleurs et vos id\u00e9es sur chaque centim\u00e8tre de vos chaussettes &#8211; pas de compromis, pas de mod\u00e8les ennuyeux. Que vous souhaitiez cr\u00e9er quelque chose d&rsquo;amusant pour vous-m\u00eame, un cadeau pour quelqu&rsquo;un de sp\u00e9cial ou une marchandise qui se d\u00e9marque, nous sommes l\u00e0 pour le faire. <\/span><\/p>\n<p data-slate-node=\"element\" data-slate-fragment=\"JTVCJTdCJTIydHlwZSUyMiUzQSUyMnBhcmFncmFwaCUyMiUyQyUyMmlkeCUyMiUzQTAlMkMlMjJtZXRyaWMlMjIlM0ElN0IlMjJ3aWR0aCUyMiUzQTI0NzYlMkMlMjJoZWlnaHQlMjIlM0EzNiUyQyUyMmFjdHVhbEJvdW5kaW5nQm94QXNjZW50JTIyJTNBMjklMkMlMjJhY3R1YWxCb3VuZGluZ0JveERlc2NlbnQlMjIlM0E3JTJDJTIyc2VncyUyMiUzQSU1QiU3QiUyMmFjdHVhbEJvdW5kaW5nQm94TGVmdCUyMiUzQS0yJTJDJTIyYWN0dWFsQm91bmRpbmdCb3hBc2NlbnQlMjIlM0EyOSUyQyUyMmFjdHVhbEJvdW5kaW5nQm94RGVzY2VudCUyMiUzQTclMkMlMjJhY3R1YWxCb3VuZGluZ0JveFJpZ2h0JTIyJTNBMjQ3My44OTExMTMyODEyNSUyQyUyMndpZHRoJTIyJTNBMjQ3NiUyQyUyMmhlaWdodCUyMiUzQTM2JTdEJTVEJTdEJTJDJTIyY2hpbGRyZW4lMjIlM0ElNUIlN0IlMjJ0ZXh0JTIyJTNBJTIyQm9ybiUyMGZyb20lMjBhJTIwbG92ZSUyMG9mJTIwY3JlYXRpdml0eSUyMGFuZCUyMGElMjBmcnVzdHJhdGlvbiUyMHdpdGglMjB0aGUlMjBvcmRpbmFyeSUyQyUyMHdlJTIwc2V0JTIwb3V0JTIwdG8lMjBtYWtlJTIwc29tZXRoaW5nJTIwdHJ1bHklMjB1bmlxdWUlM0ElMjBzb2NrcyUyMHRoYXQlMjB0ZWxsJTIwYSUyMHN0b3J5JTJDJTIwbWFrZSUyMGElMjBzdGF0ZW1lbnQlMkMlMjBvciUyMGp1c3QlMjBtYWtlJTIweW91JTIwc21pbGUuJTIyJTJDJTIyZm9udCUyMiUzQSUyMkludGVyJTIyJTJDJTIyc2l6ZSUyMiUzQSUyMjMwcHglMjIlMkMlMjJjb2xvciUyMiUzQSUyMnJnYmEoMTYlMkMzMSUyQzEwNCUyQzElMjApJTIyJTJDJTIyaXRhbGljJTIyJTNBZmFsc2UlMkMlMjJ1bmRlcmxpbmUlMjIlM0FmYWxzZSUyQyUyMmxpbmVUaHJvdWdoJTIyJTNBZmFsc2UlMkMlMjJ3ZWlnaHQlMjIlM0ElMjI1MDAlMjIlMkMlMjJzdHJva2VFbmFibGVkJTIyJTNBZmFsc2UlMkMlMjJsZXR0ZXJTcGFjaW5nJTIyJTNBMCU3RCU1RCU3RCUyQyU3QiUyMnR5cGUlMjIlM0ElMjJwYXJhZ3JhcGglMjIlMkMlMjJpZHglMjIlM0ExJTJDJTIybWV0cmljJTIyJTNBJTdCJTIyd2lkdGglMjIlM0E0NDQ3JTJDJTIyaGVpZ2h0JTIyJTNBNDAlMkMlMjJhY3R1YWxCb3VuZGluZ0JveEFzY2VudCUyMiUzQTI5JTJDJTIyYWN0dWFsQm91bmRpbmdCb3hEZXNjZW50JTIyJTNBNyUyQyUyMnNlZ3MlMjIlM0ElNUIlN0IlMjJhY3R1YWxCb3VuZGluZ0JveExlZnQlMjIlM0EwJTJDJTIyYWN0dWFsQm91bmRpbmdCb3hBc2NlbnQlMjIlM0EyOSUyQyUyMmFjdHVhbEJvdW5kaW5nQm94RGVzY2VudCUyMiUzQTclMkMlMjJhY3R1YWxCb3VuZGluZ0JveFJpZ2h0JTIyJTNBNDQ0NC42OTcyNjU2MjUlMkMlMjJ3aWR0aCUyMiUzQTQ0NDclMkMlMjJoZWlnaHQlMjIlM0EzNiU3RCU1RCU3RCUyQyUyMmNoaWxkcmVuJTIyJTNBJTVCJTdCJTIydGV4dCUyMiUzQSUyMldlJTIwYmVsaWV2ZSUyMHRoYXQlMjBwZXJzb25hbGl6YXRpb24lMjBzaG91bGQlMjBoYXZlJTIwbm8lMjBsaW1pdHMlMkMlMjB3aGljaCUyMGlzJTIwd2h5JTIwd2UlMjBwcmludCUyMHlvdXIlMjBkZXNpZ25zJTJDJTIwY29sb3JzJTJDJTIwYW5kJTIwaWRlYXMlMjBvbiUyMGV2ZXJ5JTIwaW5jaCUyMG9mJTIweW91ciUyMHNvY2tzJUUyJTgwJTk0bm8lMjBjb21wcm9taXNlcyUyQyUyMG5vJTIwYm9yaW5nJTIwdGVtcGxhdGVzLiUyMFdoZXRoZXIlMjB5b3UlRTIlODAlOTlyZSUyMGNyZWF0aW5nJTIwc29tZXRoaW5nJTIwZnVuJTIwZm9yJTIweW91cnNlbGYlMkMlMjBhJTIwZ2lmdCUyMGZvciUyMHNvbWVvbmUlMjBzcGVjaWFsJTJDJTIwb3IlMjBtZXJjaCUyMHRoYXQlMjBzdGFuZHMlMjBvdXQlMkMlMjB3ZSVFMiU4MCU5OXJlJTIwaGVyZSUyMHRvJTIwbWFrZSUyMGl0JTIwaGFwcGVuLiUyMiUyQyUyMmZvbnQlMjIlM0ElMjJJbnRlciUyMiUyQyUyMnNpemUlMjIlM0ElMjIzMHB4JTIyJTJDJTIyY29sb3IlMjIlM0ElMjJyZ2JhKDE2JTJDMzElMkMxMDQlMkMxJTIwKSUyMiUyQyUyMml0YWxpYyUyMiUzQWZhbHNlJTJDJTIydW5kZXJsaW5lJTIyJTNBZmFsc2UlMkMlMjJsaW5lVGhyb3VnaCUyMiUzQWZhbHNlJTJDJTIyd2VpZ2h0JTIyJTNBJTIyNTAwJTIyJTJDJTIyc3Ryb2tlRW5hYmxlZCUyMiUzQWZhbHNlJTJDJTIybGV0dGVyU3BhY2luZyUyMiUzQTAlN0QlNUQlN0QlMkMlN0IlMjJ0eXBlJTIyJTNBJTIycGFyYWdyYXBoJTIyJTJDJTIyaWR4JTIyJTNBMiUyQyUyMm1ldHJpYyUyMiUzQSU3QiUyMndpZHRoJTIyJTNBMjg5MiUyQyUyMmhlaWdodCUyMiUzQTQwJTJDJTIyYWN0dWFsQm91bmRpbmdCb3hBc2NlbnQlMjIlM0EyOSUyQyUyMmFjdHVhbEJvdW5kaW5nQm94RGVzY2VudCUyMiUzQTclMkMlMjJzZWdzJTIyJTNBJTVCJTdCJTIyYWN0dWFsQm91bmRpbmdCb3hMZWZ0JTIyJTNBLTIlMkMlMjJhY3R1YWxCb3VuZGluZ0JveEFzY2VudCUyMiUzQTI5JTJDJTIyYWN0dWFsQm91bmRpbmdCb3hEZXNjZW50JTIyJTNBNyUyQyUyMmFjdHVhbEJvdW5kaW5nQm94UmlnaHQlMjIlM0EyODkwLjI0NzU1ODU5Mzc1JTJDJTIyd2lkdGglMjIlM0EyODkyJTJDJTIyaGVpZ2h0JTIyJTNBMzYlN0QlNUQlN0QlMkMlMjJjaGlsZHJlbiUyMiUzQSU1QiU3QiUyMnRleHQlMjIlM0ElMjJJZiUyMHlvdSUyMGxvdmUlMjB0aGUlMjBpZGVhJTIwb2YlMjB0dXJuaW5nJTIweW91ciUyMGZlZXQlMjBpbnRvJTIwYSUyMGNhbnZhcyUyMGZvciUyMHNlbGYtZXhwcmVzc2lvbiUyQyUyMHdlJUUyJTgwJTk5ZCUyMGxvdmUlMjB0byUyMGhlbHAuJTIwSWYlMjBub3QlMkMlMjBzdGljayUyMGFyb3VuZCUyMGFueXdheSVFMiU4MCU5NGJlY2F1c2UlMjB3ZSdyZSUyMG9uJTIwYSUyMG1pc3Npb24lMjB0byUyMG1ha2UlMjB0aGUlMjB3b3JsZCUyMGElMjBsaXR0bGUlMjBtb3JlJTIwZnVuJTJDJTIwb25lJTIwc29jayUyMGF0JTIwYSUyMHRpbWUuJTIyJTJDJTIyZm9udCUyMiUzQSUyMkludGVyJTIyJTJDJTIyc2l6ZSUyMiUzQSUyMjMwcHglMjIlMkMlMjJjb2xvciUyMiUzQSUyMnJnYmEoMTYlMkMzMSUyQzEwNCUyQzElMjApJTIyJTJDJTIyaXRhbGljJTIyJTNBZmFsc2UlMkMlMjJ1bmRlcmxpbmUlMjIlM0FmYWxzZSUyQyUyMmxpbmVUaHJvdWdoJTIyJTNBZmFsc2UlMkMlMjJ3ZWlnaHQlMjIlM0ElMjI1MDAlMjIlMkMlMjJzdHJva2VFbmFibGVkJTIyJTNBZmFsc2UlMkMlMjJsZXR0ZXJTcGFjaW5nJTIyJTNBMCU3RCU1RCU3RCU1RA==\"><span data-slate-node=\"text\">Si vous aimez l&rsquo;id\u00e9e de transformer vos pieds en une toile d&rsquo;expression, nous serions ravis de vous aider. Si ce n&rsquo;est pas le cas, restez quand m\u00eame dans les parages, car nous avons pour mission de rendre le monde un peu plus amusant, une chaussette \u00e0 la fois. <\/span><\/p>\n","protected":false},"excerpt":{"rendered":"<p>REF 0652\/168\/800<br \/>\nLe mod\u00e8le porte la taille : M | Taille du mod\u00e8le : 174 cm<\/p>\n","protected":false},"featured_media":21987,"template":"","meta":{"inline_featured_image":false},"product_brand":[],"product_cat":[217,180],"product_tag":[181],"class_list":{"0":"post-22596","1":"product","2":"type-product","3":"status-publish","4":"has-post-thumbnail","6":"product_cat-les-hommes","7":"product_cat-samuser","8":"product_tag-noel","10":"first","11":"instock","12":"sale","13":"taxable","14":"shipping-taxable","15":"purchasable","16":"product-type-simple"},"_links":{"self":[{"href":"https:\/\/mysocks.be\/fr\/wp-json\/wp\/v2\/product\/22596","targetHints":{"allow":["GET"]}}],"collection":[{"href":"https:\/\/mysocks.be\/fr\/wp-json\/wp\/v2\/product"}],"about":[{"href":"https:\/\/mysocks.be\/fr\/wp-json\/wp\/v2\/types\/product"}],"version-history":[{"count":0,"href":"https:\/\/mysocks.be\/fr\/wp-json\/wp\/v2\/product\/22596\/revisions"}],"wp:featuredmedia":[{"embeddable":true,"href":"https:\/\/mysocks.be\/fr\/wp-json\/wp\/v2\/media\/21987"}],"wp:attachment":[{"href":"https:\/\/mysocks.be\/fr\/wp-json\/wp\/v2\/media?parent=22596"}],"wp:term":[{"taxonomy":"product_brand","embeddable":true,"href":"https:\/\/mysocks.be\/fr\/wp-json\/wp\/v2\/product_brand?post=22596"},{"taxonomy":"product_cat","embeddable":true,"href":"https:\/\/mysocks.be\/fr\/wp-json\/wp\/v2\/product_cat?post=22596"},{"taxonomy":"product_tag","embeddable":true,"href":"https:\/\/mysocks.be\/fr\/wp-json\/wp\/v2\/product_tag?post=22596"}],"curies":[{"name":"wp","href":"https:\/\/api.w.org\/{rel}","templated":true}]}}