{"id":20346,"date":"2025-04-25T14:48:43","date_gmt":"2025-04-25T14:48:43","guid":{"rendered":"https:\/\/mysocks.be\/a-propos-de\/"},"modified":"2025-06-16T08:37:34","modified_gmt":"2025-06-16T08:37:34","slug":"a-propos-de","status":"publish","type":"page","link":"https:\/\/mysocks.be\/fr\/a-propos-de\/","title":{"rendered":"A propos de"},"content":{"rendered":"\t\t<div data-elementor-type=\"wp-page\" data-elementor-id=\"20346\" class=\"elementor elementor-20346 elementor-15798\" data-elementor-post-type=\"page\">\n\t\t\t\t<div class=\"elementor-element elementor-element-6025f52f e-flex e-con-boxed elementor-invisible e-con e-parent\" data-id=\"6025f52f\" data-element_type=\"container\" data-settings=\"{&quot;background_background&quot;:&quot;classic&quot;,&quot;jet_parallax_layout_list&quot;:[],&quot;animation&quot;:&quot;fadeIn&quot;}\">\n\t\t\t\t\t<div class=\"e-con-inner\">\n\t\t\t\t<div class=\"elementor-element elementor-element-61f13e67 elementor-absolute elementor-hidden-mobile elementor-invisible elementor-widget elementor-widget-image\" data-id=\"61f13e67\" data-element_type=\"widget\" data-settings=\"{&quot;_position&quot;:&quot;absolute&quot;,&quot;motion_fx_motion_fx_scrolling&quot;:&quot;yes&quot;,&quot;motion_fx_translateX_effect&quot;:&quot;yes&quot;,&quot;motion_fx_translateX_direction&quot;:&quot;negative&quot;,&quot;_animation&quot;:&quot;fadeIn&quot;,&quot;_animation_delay&quot;:100,&quot;motion_fx_translateX_speed&quot;:{&quot;unit&quot;:&quot;px&quot;,&quot;size&quot;:3.9,&quot;sizes&quot;:[]},&quot;motion_fx_translateX_affectedRange&quot;:{&quot;unit&quot;:&quot;%&quot;,&quot;size&quot;:&quot;&quot;,&quot;sizes&quot;:{&quot;start&quot;:0,&quot;end&quot;:100}},&quot;motion_fx_devices&quot;:[&quot;desktop&quot;,&quot;tablet&quot;,&quot;mobile&quot;]}\" data-widget_type=\"image.default\">\n\t\t\t\t\t\t\t\t\t\t\t\t\t\t\t<img fetchpriority=\"high\" decoding=\"async\" width=\"2560\" height=\"1707\" src=\"https:\/\/mysocks.be\/wp-content\/uploads\/2025\/04\/woman-showing-funny-socks-with-lightning-pattern-o-2024-12-03-20-03-09-utc-scaled.png\" class=\"attachment-full size-full wp-image-20118\" alt=\"\" srcset=\"https:\/\/mysocks.be\/wp-content\/uploads\/2025\/04\/woman-showing-funny-socks-with-lightning-pattern-o-2024-12-03-20-03-09-utc-scaled.png 2560w, https:\/\/mysocks.be\/wp-content\/uploads\/2025\/04\/woman-showing-funny-socks-with-lightning-pattern-o-2024-12-03-20-03-09-utc-scaled-600x400.png 600w, https:\/\/mysocks.be\/wp-content\/uploads\/2025\/04\/woman-showing-funny-socks-with-lightning-pattern-o-2024-12-03-20-03-09-utc-300x200.png 300w, https:\/\/mysocks.be\/wp-content\/uploads\/2025\/04\/woman-showing-funny-socks-with-lightning-pattern-o-2024-12-03-20-03-09-utc-1024x683.png 1024w, https:\/\/mysocks.be\/wp-content\/uploads\/2025\/04\/woman-showing-funny-socks-with-lightning-pattern-o-2024-12-03-20-03-09-utc-768x512.png 768w, https:\/\/mysocks.be\/wp-content\/uploads\/2025\/04\/woman-showing-funny-socks-with-lightning-pattern-o-2024-12-03-20-03-09-utc-1536x1024.png 1536w, https:\/\/mysocks.be\/wp-content\/uploads\/2025\/04\/woman-showing-funny-socks-with-lightning-pattern-o-2024-12-03-20-03-09-utc-2048x1365.png 2048w\" sizes=\"(max-width: 2560px) 100vw, 2560px\" \/>\t\t\t\t\t\t\t\t\t\t\t\t\t\t\t<\/div>\n\t\t<div class=\"elementor-element elementor-element-1a682da e-con-full e-flex e-con e-child\" data-id=\"1a682da\" data-element_type=\"container\" data-settings=\"{&quot;jet_parallax_layout_list&quot;:[]}\">\n\t\t\t\t<div class=\"elementor-element elementor-element-1a033844 elementor-invisible elementor-widget elementor-widget-heading\" data-id=\"1a033844\" data-element_type=\"widget\" data-settings=\"{&quot;_animation&quot;:&quot;fadeIn&quot;}\" data-widget_type=\"heading.default\">\n\t\t\t\t\t<h1 class=\"elementor-heading-title elementor-size-default\">Services<\/h1>\t\t\t\t<\/div>\n\t\t\t\t<div class=\"elementor-element elementor-element-10b62e32 elementor-widget__width-initial elementor-invisible elementor-widget elementor-widget-heading\" data-id=\"10b62e32\" data-element_type=\"widget\" data-settings=\"{&quot;_animation&quot;:&quot;fadeIn&quot;}\" data-widget_type=\"heading.default\">\n\t\t\t\t\t<h3 class=\"elementor-heading-title elementor-size-default\">Chez My Socks, nous ne nous contentons pas d'imprimer des chaussettes, nous donnons vie \u00e0 des id\u00e9es audacieuses, un point \u00e0 la fois. <\/h3>\t\t\t\t<\/div>\n\t\t\t\t<div class=\"elementor-element elementor-element-67c4a688 elementor-widget__width-initial elementor-invisible elementor-widget elementor-widget-text-editor\" data-id=\"67c4a688\" data-element_type=\"widget\" data-settings=\"{&quot;_animation&quot;:&quot;fadeIn&quot;}\" data-widget_type=\"text-editor.default\">\n\t\t\t\t\t\t\t\t\t<p>Nous utilisons l&rsquo;impression par sublimation, \u00e9galement connue sous le nom de sublimation thermique, une m\u00e9thode d&rsquo;impression num\u00e9rique qui utilise la chaleur, la pression et le temps pour transf\u00e9rer un colorant sur divers mat\u00e9riaux. Contrairement aux m\u00e9thodes d&rsquo;impression traditionnelles o\u00f9 l&rsquo;encre se d\u00e9pose sur la surface, les colorants de sublimation p\u00e9n\u00e8trent dans le mat\u00e9riau et en deviennent une partie permanente. Il en r\u00e9sulte des impressions \u00e9clatantes et durables qui ne se fissurent pas, ne s&rsquo;\u00e9caillent pas et ne se d\u00e9colorent pas au fil du temps.  <\/p><p>Comment cela fonctionne-t-il ?<\/p><p>Le processus d&rsquo;impression par sublimation implique une interaction unique entre des encres sp\u00e9ciales et des mat\u00e9riaux sp\u00e9cifiques :<\/p><p>Cr\u00e9ation du design et impression :<\/p><p>Un dessin est cr\u00e9\u00e9 \u00e0 l&rsquo;aide d&rsquo;un logiciel de conception graphique.<br>Ce dessin est ensuite imprim\u00e9 sur un papier sp\u00e9cial de transfert par sublimation \u00e0 l&rsquo;aide d&rsquo;une imprimante \u00e0 sublimation remplie d&rsquo;encres de sublimation. Ces encres sont uniques car il s&rsquo;agit de colorants solides qui se transforment directement en gaz lorsqu&rsquo;ils sont chauff\u00e9s, sans passer par un \u00e9tat liquide (c&rsquo;est le processus de \u00ab sublimation \u00bb). <\/p><p>Transfert de chaleur :<\/p><p>Le papier de transfert imprim\u00e9 est plac\u00e9 sur le produit souhait\u00e9, qui doit \u00eatre soit un tissu en polyester, soit un mat\u00e9riau avec un rev\u00eatement en polym\u00e8re (souvent appel\u00e9 \u00ab \u00e9bauches de sublimation \u00bb).<br>Une presse \u00e0 chaud est ensuite utilis\u00e9e pour appliquer une chaleur et une pression \u00e9lev\u00e9es sur le papier et le produit.<br>Infusion de colorants :<\/p><p>Sous l&rsquo;effet de la chaleur et de la pression intenses, les encres de sublimation solides sur le papier de transfert se transforment en gaz.<br>Dans le m\u00eame temps, la chaleur ouvre les pores des fibres de polyester ou du rev\u00eatement polym\u00e8re du produit.<br>Les colorants gazeux p\u00e9n\u00e8trent alors dans ces pores ouverts et y fusionnent.<br>Lorsque le mat\u00e9riau se refroidit, les pores se referment, emprisonnant le colorant dans les fibres, faisant ainsi du dessin une partie permanente du mat\u00e9riau.<br>Principales caract\u00e9ristiques et applications<\/p><p>Avantages :<\/p><p>Des couleurs \u00e9clatantes et durables : La sublimation produit des impressions exceptionnellement vives et de haute r\u00e9solution, avec des transitions de couleurs fluides. La teinture \u00e9tant int\u00e9gr\u00e9e au mat\u00e9riau, les impressions sont incroyablement durables et r\u00e9sistent \u00e0 la d\u00e9coloration, au craqu\u00e8lement ou \u00e0 l&rsquo;\u00e9caillage, m\u00eame apr\u00e8s plusieurs lavages. <\/p><p>Durabilit\u00e9 : Le motif fait partie du mat\u00e9riau lui-m\u00eame, ce qui signifie qu&rsquo;il ne s&rsquo;effacera pas au lavage, ne se rayera pas et ne s&rsquo;usera pas comme les impressions en surface.<br>Toucher doux : Sur les textiles, il n&rsquo;y a pas de couche d&rsquo;encre visible sur la surface, ce qui donne un toucher doux et lisse \u00e0 la zone imprim\u00e9e.<br>Personnalisation compl\u00e8te : Permet de r\u00e9aliser des motifs complexes et d\u00e9taill\u00e9s, y compris des images photographiques et des impressions sur toute la surface (couverture d&rsquo;une couture \u00e0 l&rsquo;autre) sur les v\u00eatements.<br>Aspects \u00e9cologiques : Utilise des encres s\u00e8ches et peut produire un minimum de d\u00e9chets par rapport \u00e0 certaines m\u00e9thodes d&rsquo;impression traditionnelles.<\/p><p>Inconv\u00e9nients :<\/p><p>Limites des mat\u00e9riaux : L&rsquo;impression par sublimation fonctionne principalement sur des tissus en polyester ou sur des articles sp\u00e9cialement enduits d&rsquo;un polym\u00e8re. Elle ne fonctionne pas bien sur les fibres naturelles comme le coton, \u00e0 moins qu&rsquo;elles ne soient pr\u00e9trait\u00e9es. Elle fonctionne \u00e9galement mieux sur des mat\u00e9riaux blancs ou de couleur claire, car il n&rsquo;existe pas d&rsquo;encres de sublimation blanches, et les encres transparentes\/translucides n&rsquo;apparaissent pas sur des fonds sombres sans une base blanche.  <\/p><p>Co\u00fbt initial d&rsquo;installation : L&rsquo;\u00e9quipement, y compris une imprimante \u00e0 sublimation, des encres sp\u00e9ciales et une presse \u00e0 chaud, peut repr\u00e9senter un investissement initial plus \u00e9lev\u00e9 que pour d&rsquo;autres m\u00e9thodes d&rsquo;impression.<br>Pas de texture : \u00c9tant donn\u00e9 que le colorant fait partie int\u00e9grante du mat\u00e9riau, l&rsquo;impression par sublimation n&rsquo;ajoute aucune texture tactile \u00e0 la surface.<br>Plis blancs : Sur le tissu, s&rsquo;il y a des plis pendant le processus de pressage, l&rsquo;encre n&rsquo;atteindra pas ces zones, ce qui entra\u00eenera des lignes blanches non imprim\u00e9es.<br>Applications courantes :<\/p><p>L&rsquo;impression par sublimation est largement utilis\u00e9e pour :<\/p><p>V\u00eatements : V\u00eatements de sport, t-shirts, maillots, jambi\u00e8res, maillots de bain et autres v\u00eatements \u00e0 base de polyester.<br>Produits promotionnels : Tasses, bouteilles d&rsquo;eau, tapis de souris, porte-cl\u00e9s, \u00e9tuis de t\u00e9l\u00e9phone et autres articles avec un rev\u00eatement en polym\u00e8re.<br>D\u00e9coration int\u00e9rieure : Coussins, couvertures, drapeaux et autres articles d&rsquo;ameublement \u00e0 base de textile.<br>Signalisation : Signalisation souple, banni\u00e8res et pr\u00e9sentoirs.<br>Cadeaux personnalis\u00e9s : Impressions de photos personnalis\u00e9es sur divers supports.<br>L&rsquo;impression par sublimation est un choix populaire pour les conceptions en couleur de haute qualit\u00e9 qui n\u00e9cessitent une durabilit\u00e9 exceptionnelle et une finition haut de gamme.<\/p>\t\t\t\t\t\t\t\t<\/div>\n\t\t\t\t<\/div>\n\t\t\t\t\t<\/div>\n\t\t\t\t<\/div>\n\t\t<div class=\"elementor-element elementor-element-a2e14ea e-flex e-con-boxed e-con e-parent\" data-id=\"a2e14ea\" data-element_type=\"container\" data-settings=\"{&quot;jet_parallax_layout_list&quot;:[]}\">\n\t\t\t\t\t<div class=\"e-con-inner\">\n\t\t\t\t<div class=\"elementor-element elementor-element-251262b elementor-absolute stamp elementor-invisible elementor-widget elementor-widget-jet-inline-svg\" data-id=\"251262b\" data-element_type=\"widget\" data-settings=\"{&quot;_position&quot;:&quot;absolute&quot;,&quot;_animation&quot;:&quot;rotateIn&quot;}\" data-widget_type=\"jet-inline-svg.default\">\n\t\t\t\t<div class=\"elementor-widget-container\">\n\t\t\t\t\t<div class=\"elementor-jet-inline-svg jet-elements\"><div class=\"jet-inline-svg__wrapper\"><div class=\"jet-inline-svg jet-inline-svg--custom-width\"><div class=\"jet-inline-svg__inner\"><?xml version=\"1.0\" encoding=\"UTF-8\"?>\n<svg xmlns=\"http:\/\/www.w3.org\/2000\/svg\" width=\"475.881\" height=\"478.75\" viewBox=\"1006 3151.146 475.881 478.75\">\n  <g data-name=\"Group 11\">\n    <g data-name=\"Group 7\" transform=\"rotate(-30 6705.474 -215.273)\" clip-path=\"url(#a)\">\n      <path d=\"m145.964 178.73 9.89-14.514c1.493-13.137 4.205-27.134 7.62-41.625V89.04h-56.358v169.686h56.359s-2.772-21.965-4.481-43.772c-.085-.246-.148-.507-.23-.755l-10.451-10.452a19.696 19.696 0 0 1-2.349-25.017\" fill=\"#4e62f5\" fill-rule=\"evenodd\" data-name=\"Path 24\"><\/path>\n      <path d=\"m211.884 250.946.37-10.81 10.81-.37.37-10.81 10.81-.371.37-10.81 4.152-.142c-.202-.212-.378-.426-.589-.636l-31.36-31.36 42.834-62.857h-65.56l-28.236 41.436c-2.141 18.852-1.726 35.904 2.909 49.983l41.106 41.105c.342.342.69.637 1.035.958l.17-4.946 10.809-.37Z\" fill=\"#c1e53e\" fill-rule=\"evenodd\" data-name=\"Path 25\"><\/path>\n      <path d=\"m155.855 164.216-9.891 14.515a19.696 19.696 0 0 0 2.349 25.017l10.451 10.451c-4.635-14.079-5.05-31.13-2.91-49.983\" fill=\"#101f68\" fill-rule=\"evenodd\" data-name=\"Path 26\"><\/path>\n      <path d=\"m234.685 257.564 5.752-5.752c8.833-8.833 9.685-22.326-1.67-34.18l-4.152.143-.37 10.81-10.81.37-.37 10.81-10.81.37-.371 10.81-10.81.371-.17 4.946c11.757 10.96 25.047 10.036 33.78 1.302\" fill=\"#cd89ff\" fill-rule=\"evenodd\" data-name=\"Path 27\"><\/path>\n      <path d=\"M22.3 168.317a7.865 7.865 0 0 1-3.133 2.673c-1.275.607-2.655.849-4.142.726-1.486-.125-2.825-.594-4.016-1.407a7.753 7.753 0 0 1-2.696-3.16c-.606-1.292-.848-2.68-.723-4.167.123-1.487.592-2.825 1.406-4.016a7.716 7.716 0 0 1 3.185-2.694c1.31-.605 2.707-.846 4.193-.721 1.486.123 2.808.59 3.965 1.402a7.821 7.821 0 0 1 2.643 3.18c.605 1.309.846 2.707.721 4.193-.123 1.487-.592 2.817-1.404 3.99\" fill=\"#4e62f5\" fill-rule=\"evenodd\" data-name=\"Path 28\"><\/path>\n      <path d=\"m24.035 79.537 32.08 16.002-4.45 8.918-17.7-8.83 14.682 14.881-3.722 7.463-20.879-2.8 17.837 8.897-4.449 8.918-32.079-16.001 5.38-10.784 24.857 2.342-16.913-18.268 5.356-10.738Z\" fill=\"#4e62f5\" fill-rule=\"evenodd\" data-name=\"Path 29\"><\/path>\n      <path d=\"m72.162 30.837 6.178 26.816 7.359 8.692-7.645 6.473-7.36-8.694-25.428-10.52 8.694-7.358 13.748 6.482-4.123-14.63 8.577-7.261Z\" fill=\"#4e62f5\" fill-rule=\"evenodd\" data-name=\"Path 30\"><\/path>\n      <path d=\"M115.004 45.449c-3.192-.959-5.51-3.142-6.954-6.549l10-3.602c.52 1.146 1.181 1.88 1.982 2.204.8.325 1.68.313 2.637-.031.862-.31 1.493-.78 1.897-1.413.402-.63.466-1.33.19-2.095-.355-.989-1.094-1.588-2.214-1.797-1.12-.208-2.838-.275-5.152-.197-2.465.058-4.498-.01-6.101-.208-1.603-.196-3.144-.776-4.626-1.739-1.48-.96-2.607-2.51-3.377-4.647-.781-2.169-.908-4.221-.38-6.16.526-1.937 1.603-3.649 3.23-5.136 1.626-1.486 3.65-2.667 6.074-3.54 3.923-1.413 7.387-1.625 10.392-.636 3.005.99 5.184 3.115 6.538 6.374l-10.189 3.67c-.4-1.008-.987-1.662-1.76-1.96-.775-.296-1.623-.279-2.549.054-.7.252-1.2.667-1.497 1.242-.298.576-.308 1.246-.032 2.012.23.638.674 1.1 1.336 1.382.66.285 1.418.462 2.272.533.854.07 2.091.103 3.71.096 2.4-.035 4.424.054 6.07.272 1.646.217 3.205.792 4.674 1.721 1.47.93 2.562 2.384 3.274 4.361.724 2.01.87 3.992.44 5.948-.43 1.958-1.427 3.74-2.991 5.348-1.565 1.61-3.639 2.88-6.222 3.81-3.923 1.413-7.481 1.64-10.672.683\" fill=\"#4e62f5\" fill-rule=\"evenodd\" data-name=\"Path 31\"><\/path>\n      <path d=\"M166.885 34.174c-2.776-1.644-4.952-3.883-6.528-6.718-1.578-2.835-2.323-6.015-2.239-9.54.085-3.524.982-6.665 2.693-9.422 1.71-2.756 3.99-4.88 6.842-6.371 2.85-1.491 5.953-2.198 9.307-2.117 3.389.08 6.464.935 9.222 2.56 2.758 1.627 4.917 3.857 6.477 6.692 1.56 2.834 2.297 6.015 2.213 9.538-.084 3.526-.973 6.666-2.667 9.423-1.694 2.757-3.966 4.89-6.817 6.398-2.85 1.508-5.953 2.223-9.309 2.142-3.354-.08-6.42-.942-9.194-2.585m15.5-9.013c1.514-1.625 2.304-3.827 2.37-6.606.069-2.848-.614-5.11-2.049-6.79-1.435-1.678-3.423-2.548-5.965-2.61-2.576-.06-4.612.713-6.108 2.321-1.497 1.61-2.28 3.837-2.347 6.684-.068 2.813.607 5.059 2.025 6.737 1.418 1.679 3.415 2.548 5.99 2.61 2.543.06 4.57-.72 6.084-2.346\" fill=\"#4e62f5\" fill-rule=\"evenodd\" data-name=\"Path 32\"><\/path>\n      <path d=\"M226.51 17.01c2.467-1.929 5.253-3.048 8.358-3.36 3.105-.31 6.268.247 9.492 1.676 4.09 1.814 7.047 4.43 8.868 7.852 1.82 3.42 2.303 7.185 1.447 11.292l-9.81-4.347c-.04-1.5-.434-2.807-1.183-3.918-.75-1.111-1.807-1.97-3.17-2.573-2.109-.934-4.123-.927-6.043.02-1.922.947-3.439 2.675-4.551 5.185-1.126 2.542-1.396 4.842-.806 6.902.589 2.06 1.937 3.555 4.044 4.49 1.364.604 2.71.81 4.036.62 1.326-.19 2.558-.775 3.698-1.754l9.809 4.347c-2.47 3.393-5.581 5.564-9.338 6.512-3.758.95-7.682.517-11.774-1.296-3.224-1.428-5.762-3.396-7.616-5.905-1.855-2.51-2.897-5.326-3.125-8.45-.23-3.122.379-6.312 1.82-9.566 1.428-3.223 3.377-5.799 5.845-7.728\" fill=\"#4e62f5\" fill-rule=\"evenodd\" data-name=\"Path 33\"><\/path>\n      <path d=\"m277.255 82.905 3.423-19.013-11.26 10.959-6.951-7.143 25.692-25.001 6.95 7.142-11.078 10.781 18.844-2.8 8.015 8.235-21.648 2.69-3.582 22.786-8.405-8.636Z\" fill=\"#4e62f5\" fill-rule=\"evenodd\" data-name=\"Path 34\"><\/path>\n      <path d=\"M300.006 110.783c.745-3.249 2.77-5.706 6.074-7.372l4.256 9.739c-1.109.596-1.798 1.304-2.069 2.125-.27.82-.201 1.697.207 2.63.366.838.877 1.437 1.535 1.797.657.36 1.358.378 2.103.052.963-.42 1.51-1.197 1.646-2.328.134-1.132.087-2.85-.143-5.154-.223-2.456-.289-4.49-.198-6.101.091-1.613.567-3.19 1.43-4.731.86-1.542 2.332-2.768 4.413-3.677 2.112-.924 4.152-1.186 6.12-.788 1.968.397 3.748 1.359 5.34 2.883 1.59 1.525 2.902 3.466 3.934 5.827 1.67 3.821 2.11 7.263 1.322 10.327-.789 3.064-2.764 5.379-5.926 6.946l-4.337-9.925c.98-.465 1.592-1.094 1.839-1.886.244-.791.171-1.638-.222-2.539-.299-.683-.746-1.153-1.339-1.412-.595-.259-1.263-.225-2.009.101-.622.272-1.052.746-1.292 1.425-.24.678-.367 1.445-.38 2.303-.015.857.035 2.093.15 3.707.194 2.394.238 4.42.13 6.076-.11 1.657-.579 3.25-1.409 4.777-.83 1.529-2.209 2.714-4.135 3.556-1.956.855-3.925 1.132-5.906.833-1.98-.3-3.825-1.178-5.534-2.632-1.709-1.454-3.112-3.44-4.212-5.956-1.67-3.82-2.133-7.355-1.388-10.603\" fill=\"#4e62f5\" fill-rule=\"evenodd\" data-name=\"Path 35\"><\/path>\n      <path d=\"M322.265 160.108a7.862 7.862 0 0 1 2.646-3.155c1.156-.811 2.478-1.279 3.964-1.402 1.486-.124 2.884.116 4.193.72a7.767 7.767 0 0 1 3.183 2.67c.812 1.173 1.28 2.503 1.405 3.99.124 1.487-.116 2.884-.722 4.193a7.715 7.715 0 0 1-2.694 3.185c-1.19.814-2.53 1.282-4.016 1.407-1.487.124-2.867-.119-4.142-.726a7.827 7.827 0 0 1-3.134-2.698c-.814-1.191-1.282-2.53-1.406-4.017-.124-1.486.117-2.875.723-4.167\" fill=\"#4e62f5\" fill-rule=\"evenodd\" data-name=\"Path 36\"><\/path>\n      <path d=\"m48.217 245.639-33.586 12.532-3.484-9.337 18.532-6.916-20.897.58-2.915-7.813 16.293-13.353-18.675 6.97L0 218.962l33.587-12.532 4.213 11.29-18.672 16.575 24.894.1 4.195 11.243Z\" fill=\"#4e62f5\" fill-rule=\"evenodd\" data-name=\"Path 37\"><\/path>\n      <path d=\"m88.711 291.02-25.98 9.069-7.84 8.263-7.268-6.893 7.838-8.264 7.682-26.424 8.264 7.838-4.943 14.375 14.093-5.696 8.154 7.733Z\" fill=\"#4e62f5\" fill-rule=\"evenodd\" data-name=\"Path 38\"><\/path>\n      <path d=\"M103.254 336.57c-1.823-2.789-2.19-5.951-1.098-9.488l9.967 3.689c-.34 1.212-.308 2.2.096 2.963.403.765 1.083 1.323 2.037 1.677.859.316 1.645.364 2.36.14.716-.223 1.214-.716 1.497-1.478.364-.985.185-1.92-.536-2.802-.723-.881-1.993-2.039-3.812-3.471-1.924-1.543-3.435-2.906-4.533-4.09-1.098-1.183-1.903-2.62-2.416-4.31-.513-1.69-.376-3.6.412-5.73.8-2.162 2.025-3.814 3.678-4.956 1.651-1.141 3.578-1.757 5.78-1.846 2.201-.088 4.51.313 6.926 1.208 3.911 1.448 6.696 3.518 8.357 6.21 1.66 2.694 1.957 5.722.893 9.087l-10.158-3.759c.345-1.029.317-1.907-.082-2.633-.4-.727-1.062-1.26-1.983-1.602-.7-.258-1.35-.263-1.947-.015-.598.249-1.038.755-1.32 1.517-.236.637-.193 1.276.13 1.92.323.643.787 1.267 1.394 1.871.608.604 1.534 1.426 2.776 2.463 1.859 1.521 3.349 2.893 4.467 4.12 1.118 1.228 1.94 2.67 2.465 4.329.524 1.658.422 3.473-.307 5.444-.741 2.003-1.907 3.614-3.497 4.833-1.59 1.22-3.501 1.939-5.734 2.16-2.233.223-4.637-.142-7.212-1.095-3.91-1.448-6.778-3.566-8.6-6.355\" fill=\"#4e62f5\" fill-rule=\"evenodd\" data-name=\"Path 39\"><\/path>\n      <path d=\"M174.527 351.52c-2.907-1.398-5.27-3.44-7.086-6.127-1.817-2.687-2.835-5.79-3.057-9.31-.222-3.518.4-6.725 1.865-9.62 1.465-2.893 3.552-5.207 6.263-6.941 2.71-1.732 5.74-2.705 9.09-2.916 3.382-.213 6.52.371 9.407 1.751 2.89 1.381 5.235 3.416 7.034 6.104 1.8 2.689 2.811 5.794 3.032 9.311.222 3.52-.391 6.725-1.84 9.619-1.448 2.893-3.526 5.215-6.235 6.965-2.71 1.75-5.739 2.73-9.088 2.94-3.35.213-6.478-.38-9.385-1.777m14.66-10.324c1.368-1.75 1.964-4.011 1.79-6.786-.18-2.842-1.057-5.037-2.632-6.585-1.575-1.548-3.631-2.243-6.169-2.084-2.571.163-4.533 1.11-5.884 2.842-1.351 1.733-1.937 4.02-1.758 6.862.177 2.809 1.044 4.987 2.602 6.537 1.558 1.55 3.623 2.242 6.194 2.08 2.537-.16 4.49-1.114 5.858-2.866\" fill=\"#4e62f5\" fill-rule=\"evenodd\" data-name=\"Path 40\"><\/path>\n      <path d=\"M231.077 314.831c-.046-3.131.744-6.028 2.37-8.69 1.629-2.662 3.984-4.846 7.07-6.552 3.917-2.164 7.787-2.94 11.614-2.324 3.827.616 7.117 2.505 9.873 5.668l-9.39 5.191c-1.219-.874-2.498-1.348-3.836-1.423-1.339-.073-2.661.251-3.966.972-2.018 1.116-3.228 2.725-3.636 4.828-.405 2.104.056 4.356 1.384 6.76 1.346 2.432 3.016 4.036 5.013 4.81 1.998.775 4.004.605 6.022-.51 1.305-.722 2.282-1.669 2.932-2.842.65-1.172.928-2.507.835-4.005l9.39-5.192c1.213 4.017 1.064 7.809-.45 11.376-1.514 3.567-4.229 6.434-8.145 8.599-3.086 1.706-6.188 2.54-9.308 2.502-3.12-.037-5.993-.909-8.62-2.613-2.627-1.705-4.803-4.115-6.525-7.23-1.705-3.085-2.581-6.193-2.627-9.325\" fill=\"#4e62f5\" fill-rule=\"evenodd\" data-name=\"Path 41\"><\/path>\n      <path d=\"m317.844 277.213-19.315-.31 12.632 9.345-5.927 8.012-28.82-21.318 5.926-8.013 12.428 9.192-5.805-18.145 6.835-9.24 6.148 20.931 23.065-.143-7.167 9.689Z\" fill=\"#4e62f5\" fill-rule=\"evenodd\" data-name=\"Path 42\"><\/path>\n      <path d=\"M339.783 225.516c-2.534 2.165-5.624 2.93-9.27 2.299l2.389-10.356c1.244.182 2.22.025 2.927-.473.706-.498 1.172-1.243 1.401-2.234.206-.892.153-1.678-.16-2.36-.312-.68-.865-1.112-1.658-1.295-1.023-.236-1.927.06-2.71.888-.782.83-1.768 2.237-2.957 4.224-1.285 2.104-2.444 3.776-3.479 5.016-1.034 1.24-2.356 2.222-3.967 2.947-1.61.724-3.522.831-5.736.32-2.246-.518-4.04-1.523-5.384-3.015-1.343-1.493-2.199-3.326-2.568-5.499-.367-2.171-.263-4.512.316-7.023.937-4.064 2.636-7.09 5.094-9.08 2.46-1.99 5.426-2.67 8.9-2.044l-2.435 10.554c-1.064-.21-1.931-.071-2.6.418-.67.49-1.115 1.213-1.336 2.17-.168.728-.09 1.372.232 1.933.323.562.881.934 1.674 1.116.661.153 1.29.028 1.887-.373s1.156-.942 1.678-1.622c.522-.68 1.22-1.702 2.09-3.067 1.27-2.037 2.443-3.69 3.518-4.955 1.074-1.265 2.4-2.264 3.977-2.996 1.579-.732 3.392-.862 5.44-.39 2.08.48 3.827 1.432 5.238 2.853 1.412 1.421 2.371 3.225 2.875 5.41.505 2.188.448 4.618-.169 7.295-.937 4.063-2.673 7.177-5.207 9.34\" fill=\"#4e62f5\" fill-rule=\"evenodd\" data-name=\"Path 43\"><\/path>\n    <\/g>\n  <\/g>\n  <defs>\n    <clipPath id=\"a\">\n      <path d=\"M0 0h345.5v353.339H0V0z\" data-name=\"Rectangle 11\"><\/path>\n    <\/clipPath>\n  <\/defs>\n<\/svg>\n<\/div><\/div><\/div><\/div>\t\t\t\t<\/div>\n\t\t\t\t<\/div>\n\t\t\t\t<div class=\"elementor-element elementor-element-d7621f8 elementor-widget elementor-widget-html\" data-id=\"d7621f8\" data-element_type=\"widget\" data-widget_type=\"html.default\">\n\t\t\t\t\t<script>document.addEventListener(\"DOMContentLoaded\", function () {\r\n  const stamp = document.querySelector('.stamp');\r\n\r\n  const observer = new MutationObserver(() => {\r\n    const cartOpen = document.querySelector('.jet-cart-open');\r\n    const menuOpen = document.querySelector('.jet-mobile-menu-cover');\r\n\r\n    \/\/ If either overlay is active, hide the stamp\r\n    if (cartOpen || menuOpen) {\r\n      stamp.style.display = 'none';\r\n    } else {\r\n      stamp.style.display = '';\r\n    }\r\n  });\r\n\r\n  observer.observe(document.body, {\r\n    childList: true,\r\n    subtree: true,\r\n    attributes: true,\r\n    attributeFilter: ['class']\r\n  });\r\n});\r\n<\/script>\t\t\t\t<\/div>\n\t\t\t\t\t<\/div>\n\t\t\t\t<\/div>\n\t\t\t\t<\/div>\n\t\t","protected":false},"excerpt":{"rendered":"<p>Services Chez My Socks, nous ne nous contentons pas d&rsquo;imprimer des chaussettes, nous donnons vie \u00e0 des id\u00e9es audacieuses, un point \u00e0 la fois. Nous utilisons l&rsquo;impression par sublimation, \u00e9galement connue sous le nom de sublimation thermique, une m\u00e9thode d&rsquo;impression num\u00e9rique qui utilise la chaleur, la pression et le temps pour transf\u00e9rer un colorant sur [&hellip;]<\/p>\n","protected":false},"author":1,"featured_media":0,"parent":0,"menu_order":0,"comment_status":"closed","ping_status":"closed","template":"","meta":{"inline_featured_image":false,"footnotes":""},"class_list":["post-20346","page","type-page","status-publish","hentry"],"_links":{"self":[{"href":"https:\/\/mysocks.be\/fr\/wp-json\/wp\/v2\/pages\/20346","targetHints":{"allow":["GET"]}}],"collection":[{"href":"https:\/\/mysocks.be\/fr\/wp-json\/wp\/v2\/pages"}],"about":[{"href":"https:\/\/mysocks.be\/fr\/wp-json\/wp\/v2\/types\/page"}],"author":[{"embeddable":true,"href":"https:\/\/mysocks.be\/fr\/wp-json\/wp\/v2\/users\/1"}],"replies":[{"embeddable":true,"href":"https:\/\/mysocks.be\/fr\/wp-json\/wp\/v2\/comments?post=20346"}],"version-history":[{"count":6,"href":"https:\/\/mysocks.be\/fr\/wp-json\/wp\/v2\/pages\/20346\/revisions"}],"predecessor-version":[{"id":22522,"href":"https:\/\/mysocks.be\/fr\/wp-json\/wp\/v2\/pages\/20346\/revisions\/22522"}],"wp:attachment":[{"href":"https:\/\/mysocks.be\/fr\/wp-json\/wp\/v2\/media?parent=20346"}],"curies":[{"name":"wp","href":"https:\/\/api.w.org\/{rel}","templated":true}]}}