{"id":19767,"date":"2020-10-07T12:31:34","date_gmt":"2020-10-07T12:31:34","guid":{"rendered":"https:\/\/mysocks.be\/mon-compte\/"},"modified":"2025-06-17T12:32:20","modified_gmt":"2025-06-17T12:32:20","slug":"mon-compte","status":"publish","type":"page","link":"https:\/\/mysocks.be\/fr\/mon-compte\/","title":{"rendered":"Mon compte"},"content":{"rendered":"\t\t<div data-elementor-type=\"wp-page\" data-elementor-id=\"19767\" class=\"elementor elementor-19767 elementor-9\" data-elementor-post-type=\"page\">\n\t\t\t\t<div class=\"elementor-element elementor-element-c5872bc e-flex e-con-boxed e-con e-parent\" data-id=\"c5872bc\" data-element_type=\"container\" data-settings=\"{&quot;jet_parallax_layout_list&quot;:[],&quot;background_background&quot;:&quot;classic&quot;}\">\n\t\t\t\t\t<div class=\"e-con-inner\">\n\t\t<div class=\"elementor-element elementor-element-f3b457e e-con-full e-flex elementor-invisible e-con e-child\" data-id=\"f3b457e\" data-element_type=\"container\" data-settings=\"{&quot;background_background&quot;:&quot;classic&quot;,&quot;jet_parallax_layout_list&quot;:[],&quot;animation&quot;:&quot;fadeIn&quot;}\">\n\t\t\t\t<\/div>\n\t\t<div class=\"elementor-element elementor-element-1fd3e28 e-con-full e-flex elementor-invisible e-con e-child\" data-id=\"1fd3e28\" data-element_type=\"container\" data-settings=\"{&quot;jet_parallax_layout_list&quot;:[],&quot;background_background&quot;:&quot;classic&quot;,&quot;animation&quot;:&quot;fadeIn&quot;}\">\n\t\t\t\t<\/div>\n\t\t\t\t\t<\/div>\n\t\t\t\t<\/div>\n\t\t<div class=\"elementor-element elementor-element-38ca58a e-flex e-con-boxed e-con e-parent\" data-id=\"38ca58a\" data-element_type=\"container\" data-settings=\"{&quot;jet_parallax_layout_list&quot;:[],&quot;background_background&quot;:&quot;classic&quot;}\">\n\t\t\t\t\t<div class=\"e-con-inner\">\n\t\t\t\t\t<\/div>\n\t\t\t\t<\/div>\n\t\t\t\t<\/div>\n\t\t","protected":false},"excerpt":{"rendered":"<p>Tableau de bord Commandes T\u00e9l\u00e9chargements Adresses Payment methods D\u00e9tails du compte VAT number D\u00e9connexion Hello mysocks.alinmester.com (not mysocks.alinmester.com? Log out) From your account dashboard you can view your recent orders, manage your shipping and billing addresses, and edit your password and account details.<\/p>\n","protected":false},"author":1,"featured_media":0,"parent":0,"menu_order":0,"comment_status":"closed","ping_status":"closed","template":"","meta":{"inline_featured_image":false,"footnotes":""},"class_list":["post-19767","page","type-page","status-publish","hentry"],"_links":{"self":[{"href":"https:\/\/mysocks.be\/fr\/wp-json\/wp\/v2\/pages\/19767","targetHints":{"allow":["GET"]}}],"collection":[{"href":"https:\/\/mysocks.be\/fr\/wp-json\/wp\/v2\/pages"}],"about":[{"href":"https:\/\/mysocks.be\/fr\/wp-json\/wp\/v2\/types\/page"}],"author":[{"embeddable":true,"href":"https:\/\/mysocks.be\/fr\/wp-json\/wp\/v2\/users\/1"}],"replies":[{"embeddable":true,"href":"https:\/\/mysocks.be\/fr\/wp-json\/wp\/v2\/comments?post=19767"}],"version-history":[{"count":24,"href":"https:\/\/mysocks.be\/fr\/wp-json\/wp\/v2\/pages\/19767\/revisions"}],"predecessor-version":[{"id":22885,"href":"https:\/\/mysocks.be\/fr\/wp-json\/wp\/v2\/pages\/19767\/revisions\/22885"}],"wp:attachment":[{"href":"https:\/\/mysocks.be\/fr\/wp-json\/wp\/v2\/media?parent=19767"}],"curies":[{"name":"wp","href":"https:\/\/api.w.org\/{rel}","templated":true}]}}