{"id":22633,"date":"2025-06-09T12:02:41","date_gmt":"2025-06-09T12:02:41","guid":{"rendered":"https:\/\/mysocks.be\/product\/erste-socke\/"},"modified":"2025-06-09T12:02:41","modified_gmt":"2025-06-09T12:02:41","slug":"erste-socke","status":"publish","type":"product","link":"https:\/\/mysocks.be\/de\/produkt\/erste-socke\/","title":{"rendered":"Erste Socke"},"content":{"rendered":"<p>REF 0652\/168\/800<br \/>\nDas Model tr\u00e4gt Gr\u00f6\u00dfe: M | Gr\u00f6\u00dfe des Models: 174 cm \/ 5.71 ft<\/p>\n","protected":false},"excerpt":{"rendered":"<p>REF 0652\/168\/800<br \/>\nDas Model tr\u00e4gt Gr\u00f6\u00dfe: M | Gr\u00f6\u00dfe des Models: 174 cm \/ 5.71 ft<\/p>\n","protected":false},"featured_media":21987,"template":"","meta":{"inline_featured_image":false},"product_brand":[],"product_cat":[229,188],"product_tag":[189],"class_list":{"0":"post-22633","1":"product","2":"type-product","3":"status-publish","4":"has-post-thumbnail","6":"product_cat-manner","7":"product_cat-spas","8":"product_tag-weihnachten","10":"first","11":"outofstock","12":"taxable","13":"shipping-taxable","14":"purchasable","15":"product-type-variable"},"_links":{"self":[{"href":"https:\/\/mysocks.be\/de\/wp-json\/wp\/v2\/product\/22633","targetHints":{"allow":["GET"]}}],"collection":[{"href":"https:\/\/mysocks.be\/de\/wp-json\/wp\/v2\/product"}],"about":[{"href":"https:\/\/mysocks.be\/de\/wp-json\/wp\/v2\/types\/product"}],"version-history":[{"count":0,"href":"https:\/\/mysocks.be\/de\/wp-json\/wp\/v2\/product\/22633\/revisions"}],"wp:featuredmedia":[{"embeddable":true,"href":"https:\/\/mysocks.be\/de\/wp-json\/wp\/v2\/media\/21987"}],"wp:attachment":[{"href":"https:\/\/mysocks.be\/de\/wp-json\/wp\/v2\/media?parent=22633"}],"wp:term":[{"taxonomy":"product_brand","embeddable":true,"href":"https:\/\/mysocks.be\/de\/wp-json\/wp\/v2\/product_brand?post=22633"},{"taxonomy":"product_cat","embeddable":true,"href":"https:\/\/mysocks.be\/de\/wp-json\/wp\/v2\/product_cat?post=22633"},{"taxonomy":"product_tag","embeddable":true,"href":"https:\/\/mysocks.be\/de\/wp-json\/wp\/v2\/product_tag?post=22633"}],"curies":[{"name":"wp","href":"https:\/\/api.w.org\/{rel}","templated":true}]}}