{"id":22627,"date":"2025-06-09T11:51:10","date_gmt":"2025-06-09T11:51:10","guid":{"rendered":"https:\/\/mysocks.be\/product\/zweite-socke-einfach\/"},"modified":"2025-06-09T11:51:10","modified_gmt":"2025-06-09T11:51:10","slug":"zweite-socke-einfach","status":"publish","type":"product","link":"https:\/\/mysocks.be\/de\/produkt\/zweite-socke-einfach\/","title":{"rendered":"Zweite Socke (einfach)"},"content":{"rendered":"<p>REF 0652\/168\/800<br \/>\nDas Model tr\u00e4gt Gr\u00f6\u00dfe: M | Gr\u00f6\u00dfe des Models: 174 cm \/ 5.71 ft<\/p>\n","protected":false},"excerpt":{"rendered":"<p>REF 0652\/168\/800<br \/>\nDas Model tr\u00e4gt Gr\u00f6\u00dfe: M | Gr\u00f6\u00dfe des Models: 174 cm \/ 5.71 ft<\/p>\n","protected":false},"featured_media":21611,"template":"","meta":{"inline_featured_image":false},"product_brand":[],"product_cat":[246,187],"product_tag":[247],"class_list":{"0":"post-22627","1":"product","2":"type-product","3":"status-publish","4":"has-post-thumbnail","6":"product_cat-kinder","7":"product_cat-medizinisch","8":"product_tag-tupfen","10":"first","11":"instock","12":"taxable","13":"shipping-taxable","14":"purchasable","15":"product-type-simple"},"_links":{"self":[{"href":"https:\/\/mysocks.be\/de\/wp-json\/wp\/v2\/product\/22627","targetHints":{"allow":["GET"]}}],"collection":[{"href":"https:\/\/mysocks.be\/de\/wp-json\/wp\/v2\/product"}],"about":[{"href":"https:\/\/mysocks.be\/de\/wp-json\/wp\/v2\/types\/product"}],"version-history":[{"count":0,"href":"https:\/\/mysocks.be\/de\/wp-json\/wp\/v2\/product\/22627\/revisions"}],"wp:featuredmedia":[{"embeddable":true,"href":"https:\/\/mysocks.be\/de\/wp-json\/wp\/v2\/media\/21611"}],"wp:attachment":[{"href":"https:\/\/mysocks.be\/de\/wp-json\/wp\/v2\/media?parent=22627"}],"wp:term":[{"taxonomy":"product_brand","embeddable":true,"href":"https:\/\/mysocks.be\/de\/wp-json\/wp\/v2\/product_brand?post=22627"},{"taxonomy":"product_cat","embeddable":true,"href":"https:\/\/mysocks.be\/de\/wp-json\/wp\/v2\/product_cat?post=22627"},{"taxonomy":"product_tag","embeddable":true,"href":"https:\/\/mysocks.be\/de\/wp-json\/wp\/v2\/product_tag?post=22627"}],"curies":[{"name":"wp","href":"https:\/\/api.w.org\/{rel}","templated":true}]}}