{"id":22611,"date":"2025-06-09T11:51:09","date_gmt":"2025-06-09T11:51:09","guid":{"rendered":"https:\/\/mysocks.be\/product\/erste-socke-einfach-2\/"},"modified":"2025-06-09T11:51:09","modified_gmt":"2025-06-09T11:51:09","slug":"erste-socke-einfach-2","status":"publish","type":"product","link":"https:\/\/mysocks.be\/de\/produkt\/erste-socke-einfach-2\/","title":{"rendered":"Erste Socke (einfach)"},"content":{"rendered":"<p data-slate-node=\"element\"><span data-slate-node=\"text\">Entstanden aus der Liebe zur Kreativit\u00e4t und der Frustration \u00fcber das Gew\u00f6hnliche, haben wir uns vorgenommen, etwas wirklich Einzigartiges herzustellen: Socken, die eine Geschichte erz\u00e4hlen, ein Statement abgeben oder Sie einfach zum L\u00e4cheln bringen.<\/span><\/p>\n<p data-slate-node=\"element\"><span data-slate-node=\"text\">Wir glauben, dass der Personalisierung keine Grenzen gesetzt sein sollten. Deshalb drucken wir Ihre Designs, Farben und Ideen auf jeden Zentimeter Ihrer Socken &#8211; keine Kompromisse, keine langweiligen Vorlagen. Ganz gleich, ob Sie etwas Lustiges f\u00fcr sich selbst, ein Geschenk f\u00fcr jemand Besonderen oder etwas Au\u00dfergew\u00f6hnliches kreieren m\u00f6chten, wir sind f\u00fcr Sie da. <\/span><\/p>\n<p data-slate-node=\"element\" data-slate-fragment=\"JTVCJTdCJTIydHlwZSUyMiUzQSUyMnBhcmFncmFwaCUyMiUyQyUyMmlkeCUyMiUzQTAlMkMlMjJtZXRyaWMlMjIlM0ElN0IlMjJ3aWR0aCUyMiUzQTI0NzYlMkMlMjJoZWlnaHQlMjIlM0EzNiUyQyUyMmFjdHVhbEJvdW5kaW5nQm94QXNjZW50JTIyJTNBMjklMkMlMjJhY3R1YWxCb3VuZGluZ0JveERlc2NlbnQlMjIlM0E3JTJDJTIyc2VncyUyMiUzQSU1QiU3QiUyMmFjdHVhbEJvdW5kaW5nQm94TGVmdCUyMiUzQS0yJTJDJTIyYWN0dWFsQm91bmRpbmdCb3hBc2NlbnQlMjIlM0EyOSUyQyUyMmFjdHVhbEJvdW5kaW5nQm94RGVzY2VudCUyMiUzQTclMkMlMjJhY3R1YWxCb3VuZGluZ0JveFJpZ2h0JTIyJTNBMjQ3My44OTExMTMyODEyNSUyQyUyMndpZHRoJTIyJTNBMjQ3NiUyQyUyMmhlaWdodCUyMiUzQTM2JTdEJTVEJTdEJTJDJTIyY2hpbGRyZW4lMjIlM0ElNUIlN0IlMjJ0ZXh0JTIyJTNBJTIyQm9ybiUyMGZyb20lMjBhJTIwbG92ZSUyMG9mJTIwY3JlYXRpdml0eSUyMGFuZCUyMGElMjBmcnVzdHJhdGlvbiUyMHdpdGglMjB0aGUlMjBvcmRpbmFyeSUyQyUyMHdlJTIwc2V0JTIwb3V0JTIwdG8lMjBtYWtlJTIwc29tZXRoaW5nJTIwdHJ1bHklMjB1bmlxdWUlM0ElMjBzb2NrcyUyMHRoYXQlMjB0ZWxsJTIwYSUyMHN0b3J5JTJDJTIwbWFrZSUyMGElMjBzdGF0ZW1lbnQlMkMlMjBvciUyMGp1c3QlMjBtYWtlJTIweW91JTIwc21pbGUuJTIyJTJDJTIyZm9udCUyMiUzQSUyMkludGVyJTIyJTJDJTIyc2l6ZSUyMiUzQSUyMjMwcHglMjIlMkMlMjJjb2xvciUyMiUzQSUyMnJnYmEoMTYlMkMzMSUyQzEwNCUyQzElMjApJTIyJTJDJTIyaXRhbGljJTIyJTNBZmFsc2UlMkMlMjJ1bmRlcmxpbmUlMjIlM0FmYWxzZSUyQyUyMmxpbmVUaHJvdWdoJTIyJTNBZmFsc2UlMkMlMjJ3ZWlnaHQlMjIlM0ElMjI1MDAlMjIlMkMlMjJzdHJva2VFbmFibGVkJTIyJTNBZmFsc2UlMkMlMjJsZXR0ZXJTcGFjaW5nJTIyJTNBMCU3RCU1RCU3RCUyQyU3QiUyMnR5cGUlMjIlM0ElMjJwYXJhZ3JhcGglMjIlMkMlMjJpZHglMjIlM0ExJTJDJTIybWV0cmljJTIyJTNBJTdCJTIyd2lkdGglMjIlM0E0NDQ3JTJDJTIyaGVpZ2h0JTIyJTNBNDAlMkMlMjJhY3R1YWxCb3VuZGluZ0JveEFzY2VudCUyMiUzQTI5JTJDJTIyYWN0dWFsQm91bmRpbmdCb3hEZXNjZW50JTIyJTNBNyUyQyUyMnNlZ3MlMjIlM0ElNUIlN0IlMjJhY3R1YWxCb3VuZGluZ0JveExlZnQlMjIlM0EwJTJDJTIyYWN0dWFsQm91bmRpbmdCb3hBc2NlbnQlMjIlM0EyOSUyQyUyMmFjdHVhbEJvdW5kaW5nQm94RGVzY2VudCUyMiUzQTclMkMlMjJhY3R1YWxCb3VuZGluZ0JveFJpZ2h0JTIyJTNBNDQ0NC42OTcyNjU2MjUlMkMlMjJ3aWR0aCUyMiUzQTQ0NDclMkMlMjJoZWlnaHQlMjIlM0EzNiU3RCU1RCU3RCUyQyUyMmNoaWxkcmVuJTIyJTNBJTVCJTdCJTIydGV4dCUyMiUzQSUyMldlJTIwYmVsaWV2ZSUyMHRoYXQlMjBwZXJzb25hbGl6YXRpb24lMjBzaG91bGQlMjBoYXZlJTIwbm8lMjBsaW1pdHMlMkMlMjB3aGljaCUyMGlzJTIwd2h5JTIwd2UlMjBwcmludCUyMHlvdXIlMjBkZXNpZ25zJTJDJTIwY29sb3JzJTJDJTIwYW5kJTIwaWRlYXMlMjBvbiUyMGV2ZXJ5JTIwaW5jaCUyMG9mJTIweW91ciUyMHNvY2tzJUUyJTgwJTk0bm8lMjBjb21wcm9taXNlcyUyQyUyMG5vJTIwYm9yaW5nJTIwdGVtcGxhdGVzLiUyMFdoZXRoZXIlMjB5b3UlRTIlODAlOTlyZSUyMGNyZWF0aW5nJTIwc29tZXRoaW5nJTIwZnVuJTIwZm9yJTIweW91cnNlbGYlMkMlMjBhJTIwZ2lmdCUyMGZvciUyMHNvbWVvbmUlMjBzcGVjaWFsJTJDJTIwb3IlMjBtZXJjaCUyMHRoYXQlMjBzdGFuZHMlMjBvdXQlMkMlMjB3ZSVFMiU4MCU5OXJlJTIwaGVyZSUyMHRvJTIwbWFrZSUyMGl0JTIwaGFwcGVuLiUyMiUyQyUyMmZvbnQlMjIlM0ElMjJJbnRlciUyMiUyQyUyMnNpemUlMjIlM0ElMjIzMHB4JTIyJTJDJTIyY29sb3IlMjIlM0ElMjJyZ2JhKDE2JTJDMzElMkMxMDQlMkMxJTIwKSUyMiUyQyUyMml0YWxpYyUyMiUzQWZhbHNlJTJDJTIydW5kZXJsaW5lJTIyJTNBZmFsc2UlMkMlMjJsaW5lVGhyb3VnaCUyMiUzQWZhbHNlJTJDJTIyd2VpZ2h0JTIyJTNBJTIyNTAwJTIyJTJDJTIyc3Ryb2tlRW5hYmxlZCUyMiUzQWZhbHNlJTJDJTIybGV0dGVyU3BhY2luZyUyMiUzQTAlN0QlNUQlN0QlMkMlN0IlMjJ0eXBlJTIyJTNBJTIycGFyYWdyYXBoJTIyJTJDJTIyaWR4JTIyJTNBMiUyQyUyMm1ldHJpYyUyMiUzQSU3QiUyMndpZHRoJTIyJTNBMjg5MiUyQyUyMmhlaWdodCUyMiUzQTQwJTJDJTIyYWN0dWFsQm91bmRpbmdCb3hBc2NlbnQlMjIlM0EyOSUyQyUyMmFjdHVhbEJvdW5kaW5nQm94RGVzY2VudCUyMiUzQTclMkMlMjJzZWdzJTIyJTNBJTVCJTdCJTIyYWN0dWFsQm91bmRpbmdCb3hMZWZ0JTIyJTNBLTIlMkMlMjJhY3R1YWxCb3VuZGluZ0JveEFzY2VudCUyMiUzQTI5JTJDJTIyYWN0dWFsQm91bmRpbmdCb3hEZXNjZW50JTIyJTNBNyUyQyUyMmFjdHVhbEJvdW5kaW5nQm94UmlnaHQlMjIlM0EyODkwLjI0NzU1ODU5Mzc1JTJDJTIyd2lkdGglMjIlM0EyODkyJTJDJTIyaGVpZ2h0JTIyJTNBMzYlN0QlNUQlN0QlMkMlMjJjaGlsZHJlbiUyMiUzQSU1QiU3QiUyMnRleHQlMjIlM0ElMjJJZiUyMHlvdSUyMGxvdmUlMjB0aGUlMjBpZGVhJTIwb2YlMjB0dXJuaW5nJTIweW91ciUyMGZlZXQlMjBpbnRvJTIwYSUyMGNhbnZhcyUyMGZvciUyMHNlbGYtZXhwcmVzc2lvbiUyQyUyMHdlJUUyJTgwJTk5ZCUyMGxvdmUlMjB0byUyMGhlbHAuJTIwSWYlMjBub3QlMkMlMjBzdGljayUyMGFyb3VuZCUyMGFueXdheSVFMiU4MCU5NGJlY2F1c2UlMjB3ZSdyZSUyMG9uJTIwYSUyMG1pc3Npb24lMjB0byUyMG1ha2UlMjB0aGUlMjB3b3JsZCUyMGElMjBsaXR0bGUlMjBtb3JlJTIwZnVuJTJDJTIwb25lJTIwc29jayUyMGF0JTIwYSUyMHRpbWUuJTIyJTJDJTIyZm9udCUyMiUzQSUyMkludGVyJTIyJTJDJTIyc2l6ZSUyMiUzQSUyMjMwcHglMjIlMkMlMjJjb2xvciUyMiUzQSUyMnJnYmEoMTYlMkMzMSUyQzEwNCUyQzElMjApJTIyJTJDJTIyaXRhbGljJTIyJTNBZmFsc2UlMkMlMjJ1bmRlcmxpbmUlMjIlM0FmYWxzZSUyQyUyMmxpbmVUaHJvdWdoJTIyJTNBZmFsc2UlMkMlMjJ3ZWlnaHQlMjIlM0ElMjI1MDAlMjIlMkMlMjJzdHJva2VFbmFibGVkJTIyJTNBZmFsc2UlMkMlMjJsZXR0ZXJTcGFjaW5nJTIyJTNBMCU3RCU1RCU3RCU1RA==\"><span data-slate-node=\"text\">Wenn Sie die Idee lieben, Ihre F\u00fc\u00dfe in eine Leinwand zu verwandeln, auf der Sie sich selbst ausdr\u00fccken k\u00f6nnen, w\u00fcrden wir Ihnen gerne helfen. Wenn nicht, bleiben Sie trotzdem hier, denn wir haben es uns zur Aufgabe gemacht, die Welt ein bisschen lustiger zu machen, eine Socke nach der anderen. <\/span><\/p>\n","protected":false},"excerpt":{"rendered":"<p>REF 0652\/168\/800<br \/>\nDas Model tr\u00e4gt Gr\u00f6\u00dfe: M | Gr\u00f6\u00dfe des Models: 174 cm \/ 5.71 ft<\/p>\n","protected":false},"featured_media":21610,"template":"","meta":{"inline_featured_image":false},"product_brand":[],"product_cat":[229,188],"product_tag":[189],"class_list":{"0":"post-22611","1":"product","2":"type-product","3":"status-publish","4":"has-post-thumbnail","6":"product_cat-manner","7":"product_cat-spas","8":"product_tag-weihnachten","10":"first","11":"instock","12":"sale","13":"taxable","14":"shipping-taxable","15":"purchasable","16":"product-type-simple"},"_links":{"self":[{"href":"https:\/\/mysocks.be\/de\/wp-json\/wp\/v2\/product\/22611","targetHints":{"allow":["GET"]}}],"collection":[{"href":"https:\/\/mysocks.be\/de\/wp-json\/wp\/v2\/product"}],"about":[{"href":"https:\/\/mysocks.be\/de\/wp-json\/wp\/v2\/types\/product"}],"version-history":[{"count":0,"href":"https:\/\/mysocks.be\/de\/wp-json\/wp\/v2\/product\/22611\/revisions"}],"wp:featuredmedia":[{"embeddable":true,"href":"https:\/\/mysocks.be\/de\/wp-json\/wp\/v2\/media\/21610"}],"wp:attachment":[{"href":"https:\/\/mysocks.be\/de\/wp-json\/wp\/v2\/media?parent=22611"}],"wp:term":[{"taxonomy":"product_brand","embeddable":true,"href":"https:\/\/mysocks.be\/de\/wp-json\/wp\/v2\/product_brand?post=22611"},{"taxonomy":"product_cat","embeddable":true,"href":"https:\/\/mysocks.be\/de\/wp-json\/wp\/v2\/product_cat?post=22611"},{"taxonomy":"product_tag","embeddable":true,"href":"https:\/\/mysocks.be\/de\/wp-json\/wp\/v2\/product_tag?post=22611"}],"curies":[{"name":"wp","href":"https:\/\/api.w.org\/{rel}","templated":true}]}}