{"id":20768,"date":"2025-04-25T15:00:47","date_gmt":"2025-04-25T15:00:47","guid":{"rendered":"https:\/\/mysocks.be\/product\/forth-socke\/"},"modified":"2025-04-25T15:00:47","modified_gmt":"2025-04-25T15:00:47","slug":"forth-socke","status":"publish","type":"product","link":"https:\/\/mysocks.be\/de\/produkt\/forth-socke\/","title":{"rendered":"Forth Socke"},"content":{"rendered":"<p>REF 0652\/168\/800<br \/>\nDas Model tr\u00e4gt Gr\u00f6\u00dfe: M | Gr\u00f6\u00dfe des Models: 174 cm \/ 5.71 ft<\/p>\n","protected":false},"excerpt":{"rendered":"<p>REF 0652\/168\/800<br \/>\nDas Model tr\u00e4gt Gr\u00f6\u00dfe: M | Gr\u00f6\u00dfe des Models: 174 cm \/ 5.71 ft<\/p>\n","protected":false},"featured_media":15808,"template":"","meta":{"inline_featured_image":false},"product_brand":[],"product_cat":[187,188],"product_tag":[189],"class_list":{"0":"post-20768","1":"product","2":"type-product","3":"status-publish","4":"has-post-thumbnail","6":"product_cat-medizinisch","7":"product_cat-spas","8":"product_tag-weihnachten","10":"first","11":"instock","12":"sale","13":"taxable","14":"shipping-taxable","15":"purchasable","16":"product-type-variable"},"_links":{"self":[{"href":"https:\/\/mysocks.be\/de\/wp-json\/wp\/v2\/product\/20768","targetHints":{"allow":["GET"]}}],"collection":[{"href":"https:\/\/mysocks.be\/de\/wp-json\/wp\/v2\/product"}],"about":[{"href":"https:\/\/mysocks.be\/de\/wp-json\/wp\/v2\/types\/product"}],"version-history":[{"count":0,"href":"https:\/\/mysocks.be\/de\/wp-json\/wp\/v2\/product\/20768\/revisions"}],"wp:featuredmedia":[{"embeddable":true,"href":"https:\/\/mysocks.be\/de\/wp-json\/wp\/v2\/media\/15808"}],"wp:attachment":[{"href":"https:\/\/mysocks.be\/de\/wp-json\/wp\/v2\/media?parent=20768"}],"wp:term":[{"taxonomy":"product_brand","embeddable":true,"href":"https:\/\/mysocks.be\/de\/wp-json\/wp\/v2\/product_brand?post=20768"},{"taxonomy":"product_cat","embeddable":true,"href":"https:\/\/mysocks.be\/de\/wp-json\/wp\/v2\/product_cat?post=20768"},{"taxonomy":"product_tag","embeddable":true,"href":"https:\/\/mysocks.be\/de\/wp-json\/wp\/v2\/product_tag?post=20768"}],"curies":[{"name":"wp","href":"https:\/\/api.w.org\/{rel}","templated":true}]}}